{"id":530,"date":"2025-07-27T11:04:42","date_gmt":"2025-07-27T15:04:42","guid":{"rendered":"https:\/\/chaletsrefuges.com\/?page_id=530"},"modified":"2025-07-28T13:39:30","modified_gmt":"2025-07-28T17:39:30","slug":"le-rouge-gorge","status":"publish","type":"page","link":"https:\/\/ecogites.ca\/index.php\/le-rouge-gorge\/","title":{"rendered":"le rouge-gorge"},"content":{"rendered":"\n<h2 class=\"wp-block-heading has-text-align-center\"><strong><a href=\"https:\/\/reservotron.com\/les-chalets-du-jolimont\/lodgings\/2792\">R\u00c9SERVEZ LE ROUGE-GORGE<\/a><\/strong><\/h2>\n\n\n\n<figure class=\"wp-block-image size-large\"><img loading=\"lazy\" decoding=\"async\" width=\"1024\" height=\"768\" src=\"https:\/\/chaletsrefuges.com\/wp-content\/uploads\/2025\/07\/CHALETROUGE-1024x768.jpg\" alt=\"\" class=\"wp-image-590\" srcset=\"https:\/\/chaletsrefuges.com\/wp-content\/uploads\/2025\/07\/CHALETROUGE-1024x768.jpg 1024w, https:\/\/chaletsrefuges.com\/wp-content\/uploads\/2025\/07\/CHALETROUGE-300x225.jpg 300w, https:\/\/chaletsrefuges.com\/wp-content\/uploads\/2025\/07\/CHALETROUGE-150x113.jpg 150w, https:\/\/chaletsrefuges.com\/wp-content\/uploads\/2025\/07\/CHALETROUGE-768x576.jpg 768w, https:\/\/chaletsrefuges.com\/wp-content\/uploads\/2025\/07\/CHALETROUGE-1536x1152.jpg 1536w, https:\/\/chaletsrefuges.com\/wp-content\/uploads\/2025\/07\/CHALETROUGE-676x507.jpg 676w, https:\/\/chaletsrefuges.com\/wp-content\/uploads\/2025\/07\/CHALETROUGE.jpg 2000w\" sizes=\"auto, (max-width: 1024px) 100vw, 1024px\" \/><\/figure>\n\n\n\n<figure class=\"wp-block-gallery has-nested-images columns-default is-cropped wp-block-gallery-1 is-layout-flex wp-block-gallery-is-layout-flex\">\n<figure class=\"wp-block-image size-large\"><img loading=\"lazy\" decoding=\"async\" width=\"1024\" height=\"768\" data-id=\"287\" src=\"https:\/\/chaletsrefuges.com\/wp-content\/uploads\/2025\/07\/fav_photo_rougegorge_ext_ete_entree-1024x768.jpg\" alt=\"\" class=\"wp-image-287\" srcset=\"https:\/\/chaletsrefuges.com\/wp-content\/uploads\/2025\/07\/fav_photo_rougegorge_ext_ete_entree-1024x768.jpg 1024w, https:\/\/chaletsrefuges.com\/wp-content\/uploads\/2025\/07\/fav_photo_rougegorge_ext_ete_entree-300x225.jpg 300w, https:\/\/chaletsrefuges.com\/wp-content\/uploads\/2025\/07\/fav_photo_rougegorge_ext_ete_entree-150x113.jpg 150w, https:\/\/chaletsrefuges.com\/wp-content\/uploads\/2025\/07\/fav_photo_rougegorge_ext_ete_entree-768x576.jpg 768w, https:\/\/chaletsrefuges.com\/wp-content\/uploads\/2025\/07\/fav_photo_rougegorge_ext_ete_entree-1536x1152.jpg 1536w, https:\/\/chaletsrefuges.com\/wp-content\/uploads\/2025\/07\/fav_photo_rougegorge_ext_ete_entree-676x507.jpg 676w, https:\/\/chaletsrefuges.com\/wp-content\/uploads\/2025\/07\/fav_photo_rougegorge_ext_ete_entree.jpg 2000w\" sizes=\"auto, (max-width: 1024px) 100vw, 1024px\" \/><\/figure>\n\n\n\n<figure class=\"wp-block-image size-large\"><img loading=\"lazy\" decoding=\"async\" width=\"1024\" height=\"768\" data-id=\"293\" src=\"https:\/\/chaletsrefuges.com\/wp-content\/uploads\/2025\/07\/fav_photo_rougegorge_ext_hiver_facade1-1024x768.jpg\" alt=\"\" class=\"wp-image-293\" srcset=\"https:\/\/chaletsrefuges.com\/wp-content\/uploads\/2025\/07\/fav_photo_rougegorge_ext_hiver_facade1-1024x768.jpg 1024w, https:\/\/chaletsrefuges.com\/wp-content\/uploads\/2025\/07\/fav_photo_rougegorge_ext_hiver_facade1-300x225.jpg 300w, https:\/\/chaletsrefuges.com\/wp-content\/uploads\/2025\/07\/fav_photo_rougegorge_ext_hiver_facade1-150x113.jpg 150w, https:\/\/chaletsrefuges.com\/wp-content\/uploads\/2025\/07\/fav_photo_rougegorge_ext_hiver_facade1-768x576.jpg 768w, https:\/\/chaletsrefuges.com\/wp-content\/uploads\/2025\/07\/fav_photo_rougegorge_ext_hiver_facade1-1536x1152.jpg 1536w, https:\/\/chaletsrefuges.com\/wp-content\/uploads\/2025\/07\/fav_photo_rougegorge_ext_hiver_facade1-676x507.jpg 676w, https:\/\/chaletsrefuges.com\/wp-content\/uploads\/2025\/07\/fav_photo_rougegorge_ext_hiver_facade1.jpg 2000w\" sizes=\"auto, (max-width: 1024px) 100vw, 1024px\" \/><\/figure>\n\n\n\n<figure class=\"wp-block-image size-large\"><img loading=\"lazy\" decoding=\"async\" width=\"1024\" height=\"768\" data-id=\"289\" src=\"https:\/\/chaletsrefuges.com\/wp-content\/uploads\/2025\/07\/fav_photo_rougegorge_int_chambrerdc-1024x768.jpg\" alt=\"\" class=\"wp-image-289\" srcset=\"https:\/\/chaletsrefuges.com\/wp-content\/uploads\/2025\/07\/fav_photo_rougegorge_int_chambrerdc-1024x768.jpg 1024w, https:\/\/chaletsrefuges.com\/wp-content\/uploads\/2025\/07\/fav_photo_rougegorge_int_chambrerdc-300x225.jpg 300w, https:\/\/chaletsrefuges.com\/wp-content\/uploads\/2025\/07\/fav_photo_rougegorge_int_chambrerdc-150x113.jpg 150w, https:\/\/chaletsrefuges.com\/wp-content\/uploads\/2025\/07\/fav_photo_rougegorge_int_chambrerdc-768x576.jpg 768w, https:\/\/chaletsrefuges.com\/wp-content\/uploads\/2025\/07\/fav_photo_rougegorge_int_chambrerdc-1536x1152.jpg 1536w, https:\/\/chaletsrefuges.com\/wp-content\/uploads\/2025\/07\/fav_photo_rougegorge_int_chambrerdc-676x507.jpg 676w, https:\/\/chaletsrefuges.com\/wp-content\/uploads\/2025\/07\/fav_photo_rougegorge_int_chambrerdc.jpg 2000w\" sizes=\"auto, (max-width: 1024px) 100vw, 1024px\" \/><\/figure>\n\n\n\n<figure class=\"wp-block-image size-large\"><img loading=\"lazy\" decoding=\"async\" width=\"1024\" height=\"768\" data-id=\"290\" src=\"https:\/\/chaletsrefuges.com\/wp-content\/uploads\/2025\/07\/fav_photo_rougegorge_int_mezz_vue-1024x768.jpg\" alt=\"\" class=\"wp-image-290\" srcset=\"https:\/\/chaletsrefuges.com\/wp-content\/uploads\/2025\/07\/fav_photo_rougegorge_int_mezz_vue-1024x768.jpg 1024w, https:\/\/chaletsrefuges.com\/wp-content\/uploads\/2025\/07\/fav_photo_rougegorge_int_mezz_vue-300x225.jpg 300w, https:\/\/chaletsrefuges.com\/wp-content\/uploads\/2025\/07\/fav_photo_rougegorge_int_mezz_vue-150x113.jpg 150w, https:\/\/chaletsrefuges.com\/wp-content\/uploads\/2025\/07\/fav_photo_rougegorge_int_mezz_vue-768x576.jpg 768w, https:\/\/chaletsrefuges.com\/wp-content\/uploads\/2025\/07\/fav_photo_rougegorge_int_mezz_vue-1536x1152.jpg 1536w, https:\/\/chaletsrefuges.com\/wp-content\/uploads\/2025\/07\/fav_photo_rougegorge_int_mezz_vue-676x507.jpg 676w, https:\/\/chaletsrefuges.com\/wp-content\/uploads\/2025\/07\/fav_photo_rougegorge_int_mezz_vue.jpg 2000w\" sizes=\"auto, (max-width: 1024px) 100vw, 1024px\" \/><\/figure>\n\n\n\n<figure class=\"wp-block-image size-large\"><img loading=\"lazy\" decoding=\"async\" width=\"1024\" height=\"768\" data-id=\"292\" src=\"https:\/\/chaletsrefuges.com\/wp-content\/uploads\/2025\/07\/fav_photo_rougegorge_int_salledebain-1024x768.jpg\" alt=\"\" class=\"wp-image-292\" srcset=\"https:\/\/chaletsrefuges.com\/wp-content\/uploads\/2025\/07\/fav_photo_rougegorge_int_salledebain-1024x768.jpg 1024w, https:\/\/chaletsrefuges.com\/wp-content\/uploads\/2025\/07\/fav_photo_rougegorge_int_salledebain-300x225.jpg 300w, https:\/\/chaletsrefuges.com\/wp-content\/uploads\/2025\/07\/fav_photo_rougegorge_int_salledebain-150x113.jpg 150w, https:\/\/chaletsrefuges.com\/wp-content\/uploads\/2025\/07\/fav_photo_rougegorge_int_salledebain-768x576.jpg 768w, https:\/\/chaletsrefuges.com\/wp-content\/uploads\/2025\/07\/fav_photo_rougegorge_int_salledebain-1536x1152.jpg 1536w, https:\/\/chaletsrefuges.com\/wp-content\/uploads\/2025\/07\/fav_photo_rougegorge_int_salledebain-676x507.jpg 676w, https:\/\/chaletsrefuges.com\/wp-content\/uploads\/2025\/07\/fav_photo_rougegorge_int_salledebain.jpg 2000w\" sizes=\"auto, (max-width: 1024px) 100vw, 1024px\" \/><\/figure>\n<\/figure>\n\n\n\n<figure class=\"wp-block-image size-large\"><img loading=\"lazy\" decoding=\"async\" width=\"1024\" height=\"768\" src=\"https:\/\/chaletsrefuges.com\/wp-content\/uploads\/2025\/07\/fav_photo_rougegorge_int_cuisine-1024x768.jpg\" alt=\"\" class=\"wp-image-288\" srcset=\"https:\/\/chaletsrefuges.com\/wp-content\/uploads\/2025\/07\/fav_photo_rougegorge_int_cuisine-1024x768.jpg 1024w, https:\/\/chaletsrefuges.com\/wp-content\/uploads\/2025\/07\/fav_photo_rougegorge_int_cuisine-300x225.jpg 300w, https:\/\/chaletsrefuges.com\/wp-content\/uploads\/2025\/07\/fav_photo_rougegorge_int_cuisine-150x113.jpg 150w, https:\/\/chaletsrefuges.com\/wp-content\/uploads\/2025\/07\/fav_photo_rougegorge_int_cuisine-768x576.jpg 768w, https:\/\/chaletsrefuges.com\/wp-content\/uploads\/2025\/07\/fav_photo_rougegorge_int_cuisine-1536x1152.jpg 1536w, https:\/\/chaletsrefuges.com\/wp-content\/uploads\/2025\/07\/fav_photo_rougegorge_int_cuisine-676x507.jpg 676w, https:\/\/chaletsrefuges.com\/wp-content\/uploads\/2025\/07\/fav_photo_rougegorge_int_cuisine.jpg 2000w\" sizes=\"auto, (max-width: 1024px) 100vw, 1024px\" \/><\/figure>\n\n\n\n<p><strong>LE ROUGE-GORGE<br>Chalet complet avec \u00e9lectricit\u00e9 et eau courante&nbsp;(8 personnes)<br>Situ\u00e9 sur le site des chalets du Jolimont (400 rang Jolimont)<\/strong><\/p>\n\n\n\n<p>Situ\u00e9 en face du lac, ce chalet peut accueillir confortablement 8 personnes. Chalet avec electricit\u00e9 et eau courrante. Le 2e \u00e9tage de style mezzanine offre une belle luminosit\u00e9.&nbsp;Terrasse am\u00e9nag\u00e9e d\u2019un barbecue et table \u00e0 pique-nique, grand terrain avec espace \u00e0 feu et grand stationnement priv\u00e9 \u00e0 l\u2019entr\u00e9e.&nbsp;Id\u00e9al pour relaxer en groupe!<\/p>\n\n\n\n<p>Les animaux sont accept\u00e9s mais des FRAIS DE 20$ suppl\u00e9mentaires par chien seront charg\u00e9s \u00e0 l\u2019arriv\u00e9e pour les co\u00fbts de m\u00e9nage reli\u00e9s.<\/p>\n\n\n\n<p>\u2022 Cuisine \u00e9quip\u00e9e (four, micro onde, frigo, cafeti\u00e8re, chaudrons, vaisselle, ustensiles, linges \u00e0 vaisselle)<br>\u2022 Table \u00e0 diner pour 6 personnes<br>\u2022 Salon avec un futon, une t\u00e9l\u00e9vision, un sofa et le po\u00eale \u00e0 combustion lente (bois fourni l\u2019hiver)<br>\u2022 1 chambre ferm\u00e9e avec lit double au rez-de-chauss\u00e9e<br>\u2022 1 mezzanine avec 1 lit double et 2 futons<br>\u2022 Literie incluse<br>\u2022 Parfait pour relaxer en groupe !<br>\u2022 1 salle de bain avec bain et douche (serviettes fournies)<br>\u2022 Terrasse ext\u00e9rieure avec barbecue et table \u00e0 pique-nique<br>\u2022 Espace \u00e0 feu am\u00e9nag\u00e9 \u00e0 l\u2019ext\u00e9rieur (suppl\u00e9ment de 20$ pour les feux en hiver)<\/p>\n\n\n\n<p><strong>Check-in : entre 15 h et 22 h \/ Check-out : 11 h<\/strong><\/p>\n\n\n\n<h2 class=\"wp-block-heading has-text-align-center\"><strong><a href=\"https:\/\/reservotron.com\/les-chalets-du-jolimont\/lodgings\/2792\">R\u00c9SERVEZ LE ROUGE-GORGE<\/a><\/strong><\/h2>\n\n\n<div class=\"r34ics-ajax-container loading\" id=\"r69f1a1a54e18827\" data-view=\"month\" data-view-is-list-style=\"0\" data-view-is-list-long=\"0\" data-args=\"7df2c454bb36b8f0646d1138c0a95bde24e34cd0\" data-js-args=\"{&quot;debug&quot;:null}\">&nbsp;<\/div>\n\n\n\n<h2 class=\"wp-block-heading has-text-align-center\"><strong><a href=\"https:\/\/reservotron.com\/les-chalets-du-jolimont\/lodgings\/2792\">R\u00c9SERVEZ LE ROUGE-GORGE<\/a><\/strong><\/h2>\n","protected":false},"excerpt":{"rendered":"<p>R\u00c9SERVEZ LE ROUGE-GORGE LE ROUGE-GORGEChalet complet avec \u00e9lectricit\u00e9 et eau courante&nbsp;(8 personnes)Situ\u00e9 sur le site des chalets du Jolimont (400 rang Jolimont) Situ\u00e9 en face du lac, ce chalet peut accueillir confortablement 8 personnes. Chalet avec electricit\u00e9 et eau courrante. Le 2e \u00e9tage de style mezzanine offre une belle luminosit\u00e9.&nbsp;Terrasse am\u00e9nag\u00e9e d\u2019un barbecue et table [&hellip;]<\/p>\n","protected":false},"author":1,"featured_media":0,"parent":0,"menu_order":0,"comment_status":"closed","ping_status":"closed","template":"template-fullwidth.php","meta":{"footnotes":""},"class_list":["post-530","page","type-page","status-publish","hentry","post-preview"],"_links":{"self":[{"href":"https:\/\/ecogites.ca\/index.php\/wp-json\/wp\/v2\/pages\/530","targetHints":{"allow":["GET"]}}],"collection":[{"href":"https:\/\/ecogites.ca\/index.php\/wp-json\/wp\/v2\/pages"}],"about":[{"href":"https:\/\/ecogites.ca\/index.php\/wp-json\/wp\/v2\/types\/page"}],"author":[{"embeddable":true,"href":"https:\/\/ecogites.ca\/index.php\/wp-json\/wp\/v2\/users\/1"}],"replies":[{"embeddable":true,"href":"https:\/\/ecogites.ca\/index.php\/wp-json\/wp\/v2\/comments?post=530"}],"version-history":[{"count":2,"href":"https:\/\/ecogites.ca\/index.php\/wp-json\/wp\/v2\/pages\/530\/revisions"}],"predecessor-version":[{"id":592,"href":"https:\/\/ecogites.ca\/index.php\/wp-json\/wp\/v2\/pages\/530\/revisions\/592"}],"wp:attachment":[{"href":"https:\/\/ecogites.ca\/index.php\/wp-json\/wp\/v2\/media?parent=530"}],"curies":[{"name":"wp","href":"https:\/\/api.w.org\/{rel}","templated":true}]}}